{"id":286,"date":"2018-07-31T02:53:53","date_gmt":"2018-07-31T02:53:53","guid":{"rendered":"https:\/\/xml.daffyhazan.com\/kitring\/?page_id=747"},"modified":"2022-01-21T18:05:24","modified_gmt":"2022-01-21T15:05:24","slug":"contact","status":"publish","type":"page","link":"https:\/\/www.mujdetekstil.net\/en\/contact\/","title":{"rendered":"Contact"},"content":{"rendered":"<p>[vc_row dahz_id=&#8221;1639146876226-4030850d-d4fc&#8221; css=&#8221;.vc_custom_1639147077777{margin-bottom: -50px !important;}&#8221;][vc_column dahz_id=&#8221;1639146876228-2e285e50-569e&#8221;][vc_custom_heading text=&#8221;M\u00fcjde Tekstil \u0130\u00e7 ve D\u0131\u015f Tic. Ltd. \u015eti.&#8221; font_container=&#8221;tag:h5|font_size:32px|text_align:center|color:%23000000|line_height:1&#8243; use_theme_fonts=&#8221;yes&#8221; custom_responsive_size=&#8221;yes&#8221; dahz_id=&#8221;1533021942065-3ca0daca-b0b3&#8243; custom_font_size=&#8221;%7B%22xs_font_size%22%3A%2222px%22%2C%22xs_line_height%22%3A%22%22%2C%22s_font_size%22%3A%22%22%2C%22s_line_height%22%3A%22%22%2C%22m_font_size%22%3A%22%22%2C%22m_line_height%22%3A%22%22%7D&#8221;][\/vc_column][\/vc_row][vc_section section_padding=&#8221;&#8221; section_custom_media_type=&#8221;none&#8221; section_bottom_shape_divider=&#8221;&#8221; dahz_id=&#8221;1639146867669-539d3ee3-f289&#8243;][vc_row row_margin=&#8221;uk-margin-remove&#8221; row_display_divider_between=&#8221;true&#8221; row_divider_color=&#8221;rgba(255,255,255,0.4)&#8221; dahz_id=&#8221;1639146867720-f711a327-000c&#8221;][vc_column width=&#8221;1\/3&#8243; dahz_id=&#8221;1639146867744-f5f8e201-3c39&#8243;]<div class=\"uk-position-relative de-shortcode__wrapper de-shortcode__wrapper--icon_box uk-margin\" data-dahz-shortcode-key=\"1639146867775-386553ef-a485\" style=\"\">\n\t\n<div class=\"de-sc-iconbox uk-text-center\">\n\t\n\t\t\t<span class=\"uk-margin-small de-sc-iconbox--icon uk-width-auto\" style=\"display:inline-block;line-height:1; font-size:60px; color:#141414;\"><i style=\"line-height:1;\" class=\"fas fa-map-marker-alt\"><\/i><\/span>\n\t\t\t<div>\n\t\t\t\t<h3 style=\"color:#141414;\">Address<\/h3>\n\t\t\t\t<p style=\"color:#141414;\">Yenibosna Merkez Mah. Prof. Dr. Mustafa Nevzat Pisak Cad. Do\u011fu San. Sitesi 4. Blok D:9 Bah\u00e7elievler \u0130STANBUL<\/p>\n\t\t\t\t\n\t\t\t<\/div>\n\t\t\t<\/div>\n<\/div>\n[\/vc_column][vc_column width=&#8221;1\/3&#8243; dahz_id=&#8221;1639146867817-abb1a253-4f2c&#8221;]<div class=\"uk-position-relative de-shortcode__wrapper de-shortcode__wrapper--icon_box uk-margin\" data-dahz-shortcode-key=\"1639146867845-f5a0696b-e710\" style=\"\">\n\t\n<div class=\"de-sc-iconbox uk-text-center\">\n\t\n\t\t\t<span class=\"uk-margin-small de-sc-iconbox--icon uk-width-auto\" style=\"display:inline-block;line-height:1; font-size:60px; color:#141414;\"><i style=\"line-height:1;\" class=\"fas fa-phone-alt\"><\/i><\/span>\n\t\t\t<div>\n\t\t\t\t<h3 style=\"color:#141414;\">Phone<\/h3>\n\t\t\t\t<p style=\"color:#141414;\">0 (212) 654 25 58<\/p>\n\t\t\t\t\n\t\t\t<\/div>\n\t\t\t<\/div>\n<\/div>\n[\/vc_column][vc_column width=&#8221;1\/3&#8243; dahz_id=&#8221;1639146867877-ee6e6a6c-228e&#8221;]<div class=\"uk-position-relative de-shortcode__wrapper de-shortcode__wrapper--icon_box uk-margin\" data-dahz-shortcode-key=\"1639146867913-338656d8-028b\" style=\"\">\n\t\n<div class=\"de-sc-iconbox uk-text-center\">\n\t\n\t\t\t<span class=\"uk-margin-small de-sc-iconbox--icon uk-width-auto\" style=\"display:inline-block;line-height:1; font-size:60px; color:#141414;\"><i style=\"line-height:1;\" class=\"fas fa-envelope\"><\/i><\/span>\n\t\t\t<div>\n\t\t\t\t<h3 style=\"color:#141414;\">E-mail<\/h3>\n\t\t\t\t<p style=\"color:#141414;\">info@mujdetekstil.net<\/p>\n\t\t\t\t\n\t\t\t<\/div>\n\t\t\t<\/div>\n<\/div>\n[\/vc_column][\/vc_row][\/vc_section][vc_section section_custom_media_type=&#8221;image&#8221; section_background_image_repeat=&#8221;uk-background-norepeat&#8221; section_background_image_position=&#8221;uk-background-top-right&#8221; section_background_image_effect=&#8221;uk-background-fixed&#8221; section_bottom_shape_divider=&#8221;&#8221; dahz_id=&#8221;1528266172114-631f96f7-2e21&#8243; css=&#8221;.vc_custom_1533632334414{padding-bottom: 12vh !important;}&#8221; section_background_image=&#8221;55&#8243;][vc_row row_custom_media_type=&#8221;none&#8221; dahz_id=&#8221;1528266174871-092f151f-2cc5&#8243; row_translate_y=&#8221;-5vh&#8221;][vc_column column_card_box_shadow=&#8221;large&#8221; column_padding=&#8221;default&#8221; column_enable_card_style=&#8221;true&#8221; column_translate_y=&#8221;3vh&#8221; column_z_index=&#8221;1&#8243; column_card_background_hover_color=&#8221;#ffffff&#8221; css=&#8221;.vc_custom_1533031920396{background-color: #ffffff !important;}&#8221; el_class=&#8221;mobile-offset&#8221;][vc_row_inner dahz_id=&#8221;1528266188502-fa4547e8-ec2f&#8221;][vc_column_inner column_padding=&#8221;default&#8221; width=&#8221;1\/2&#8243;][vc_custom_heading text=&#8221;Contact Us&#8221; font_container=&#8221;tag:h2|font_size:72px|text_align:left|color:%23000000|line_height:1&#8243; use_theme_fonts=&#8221;yes&#8221; custom_responsive_size=&#8221;yes&#8221; dahz_id=&#8221;1639146863439-480cff9d-5028&#8243; custom_font_size=&#8221;%7B%22xs_font_size%22%3A%2256px%22%2C%22xs_line_height%22%3A%22%22%2C%22s_font_size%22%3A%22%22%2C%22s_line_height%22%3A%22%22%2C%22m_font_size%22%3A%22%22%2C%22m_line_height%22%3A%22%22%7D&#8221;][vc_column_text margin=&#8221;uk-margin-remove&#8221;][\/vc_column_text][vc_text_separator title=&#8221;&#8221; title_align=&#8221;separator_align_left&#8221; tag=&#8221;h6&#8243; align=&#8221;align_left&#8221; style=&#8221;solid&#8221; text_color=&#8221;#bfb5a5&#8243; accent_color=&#8221;#e0e0e0&#8243;]\n<div class=\"wpcf7 no-js\" id=\"wpcf7-f391-o1\" lang=\"tr-TR\" dir=\"ltr\">\n<div class=\"screen-reader-response\"><p role=\"status\" aria-live=\"polite\" aria-atomic=\"true\"><\/p> <ul><\/ul><\/div>\n<form action=\"\/en\/wp-json\/wp\/v2\/pages\/286#wpcf7-f391-o1\" method=\"post\" class=\"wpcf7-form init\" aria-label=\"Contact form\" novalidate=\"novalidate\" data-status=\"init\">\n<div style=\"display: none;\">\n<input type=\"hidden\" name=\"_wpcf7\" value=\"391\" \/>\n<input type=\"hidden\" name=\"_wpcf7_version\" value=\"5.9.3\" \/>\n<input type=\"hidden\" name=\"_wpcf7_locale\" value=\"tr_TR\" \/>\n<input type=\"hidden\" name=\"_wpcf7_unit_tag\" value=\"wpcf7-f391-o1\" \/>\n<input type=\"hidden\" name=\"_wpcf7_container_post\" value=\"0\" \/>\n<input type=\"hidden\" name=\"_wpcf7_posted_data_hash\" value=\"\" \/>\n<\/div>\n<p><label><br \/>\n<span class=\"wpcf7-form-control-wrap\" data-name=\"your-name\"><input size=\"40\" class=\"wpcf7-form-control wpcf7-text wpcf7-validates-as-required\" aria-required=\"true\" aria-invalid=\"false\" placeholder=\"Name\" value=\"\" type=\"text\" name=\"your-name\" \/><\/span> <\/label>\n<\/p>\n<p><label><br \/>\n<span class=\"wpcf7-form-control-wrap\" data-name=\"your-email\"><input size=\"40\" class=\"wpcf7-form-control wpcf7-email wpcf7-validates-as-required wpcf7-text wpcf7-validates-as-email\" aria-required=\"true\" aria-invalid=\"false\" placeholder=\"E-mail\" value=\"\" type=\"email\" name=\"your-email\" \/><\/span> <\/label>\n<\/p>\n<p><label><br \/>\n<span class=\"wpcf7-form-control-wrap\" data-name=\"your-tel\"><input size=\"40\" class=\"wpcf7-form-control wpcf7-text wpcf7-validates-as-required\" aria-required=\"true\" aria-invalid=\"false\" placeholder=\"Phone\" value=\"\" type=\"text\" name=\"your-tel\" \/><\/span> <\/label>\n<\/p>\n<p><label><br \/>\n<span class=\"wpcf7-form-control-wrap\" data-name=\"your-message\"><textarea cols=\"40\" rows=\"5\" class=\"wpcf7-form-control wpcf7-textarea\" aria-invalid=\"false\" placeholder=\"Message\" name=\"your-message\"><\/textarea><\/span> <\/label>\n<\/p>\n<p><input class=\"wpcf7-form-control wpcf7-submit has-spinner uk-button\" type=\"submit\" value=\"SEND\" \/>\n<\/p><p style=\"display: none !important;\" class=\"akismet-fields-container\" data-prefix=\"_wpcf7_ak_\"><label>&#916;<textarea name=\"_wpcf7_ak_hp_textarea\" cols=\"45\" rows=\"8\" maxlength=\"100\"><\/textarea><\/label><input type=\"hidden\" id=\"ak_js_1\" name=\"_wpcf7_ak_js\" value=\"47\"\/><script>document.getElementById( \"ak_js_1\" ).setAttribute( \"value\", ( new Date() ).getTime() );<\/script><\/p><div class=\"wpcf7-response-output\" aria-hidden=\"true\"><\/div>\n<\/form>\n<\/div>\n[\/vc_column_inner][vc_column_inner width=&#8221;1\/2&#8243;]<div class=\"uk-position-relative de-shortcode__wrapper de-shortcode__wrapper--google_maps uk-margin-remove\" data-dahz-shortcode-key=\"1528266193759-888c93c4-4ee2\" style=\"\">\n\t<div id=\"1528266193759-888c93c4-4ee2\" class=\"\" style=\"width: 100%; height: 85vh;\"><\/div>\n<script>\n\t!function($) {\n\t\tvar url = 'https:\/\/maps.googleapis.com\/maps\/api\/js?key=AIzaSyBu80Do9qfeiLCoRZI17TYHUNZIYOBP3HA';\n\t\t$.getScript( url, function( data, textStatus, jqxhr ) {\n\t\t\tvar options = {\"api\":\"AIzaSyBu80Do9qfeiLCoRZI17TYHUNZIYOBP3HA\",\"height\":\"85vh\",\"type\":\"ROADMAP\",\"lat\":\"41.01571415122318\",\"long\":\"28.819388296961762\",\"zoom\":\"15\",\"scrollwheel\":\"true\",\"streetviewcontrol\":\"false\",\"maptypecontrol\":\"false\",\"pancontrol\":\"false\",\"zoomcontrol\":\"false\",\"zoomcontrolsize\":\"SMALL\",\"disabledragmobile\":\"false\",\"infowindow\":\"We're Here!\",\"style\":\"JTVCJTBBJTIwJTIwJTdCJTBBJTIwJTIwJTIwJTIwJTIyZWxlbWVudFR5cGUlMjIlM0ElMjAlMjJnZW9tZXRyeSUyMiUyQyUwQSUyMCUyMCUyMCUyMCUyMnN0eWxlcnMlMjIlM0ElMjAlNUIlMEElMjAlMjAlMjAlMjAlMjAlMjAlN0IlMEElMjAlMjAlMjAlMjAlMjAlMjAlMjAlMjAlMjJjb2xvciUyMiUzQSUyMCUyMiUyM2Y1ZjVmNSUyMiUwQSUyMCUyMCUyMCUyMCUyMCUyMCU3RCUwQSUyMCUyMCUyMCUyMCU1RCUwQSUyMCUyMCU3RCUyQyUwQSUyMCUyMCU3QiUwQSUyMCUyMCUyMCUyMCUyMmVsZW1lbnRUeXBlJTIyJTNBJTIwJTIybGFiZWxzLmljb24lMjIlMkMlMEElMjAlMjAlMjAlMjAlMjJzdHlsZXJzJTIyJTNBJTIwJTVCJTBBJTIwJTIwJTIwJTIwJTIwJTIwJTdCJTBBJTIwJTIwJTIwJTIwJTIwJTIwJTIwJTIwJTIydmlzaWJpbGl0eSUyMiUzQSUyMCUyMm9mZiUyMiUwQSUyMCUyMCUyMCUyMCUyMCUyMCU3RCUwQSUyMCUyMCUyMCUyMCU1RCUwQSUyMCUyMCU3RCUyQyUwQSUyMCUyMCU3QiUwQSUyMCUyMCUyMCUyMCUyMmVsZW1lbnRUeXBlJTIyJTNBJTIwJTIybGFiZWxzLnRleHQuZmlsbCUyMiUyQyUwQSUyMCUyMCUyMCUyMCUyMnN0eWxlcnMlMjIlM0ElMjAlNUIlMEElMjAlMjAlMjAlMjAlMjAlMjAlN0IlMEElMjAlMjAlMjAlMjAlMjAlMjAlMjAlMjAlMjJjb2xvciUyMiUzQSUyMCUyMiUyMzYxNjE2MSUyMiUwQSUyMCUyMCUyMCUyMCUyMCUyMCU3RCUwQSUyMCUyMCUyMCUyMCU1RCUwQSUyMCUyMCU3RCUyQyUwQSUyMCUyMCU3QiUwQSUyMCUyMCUyMCUyMCUyMmVsZW1lbnRUeXBlJTIyJTNBJTIwJTIybGFiZWxzLnRleHQuc3Ryb2tlJTIyJTJDJTBBJTIwJTIwJTIwJTIwJTIyc3R5bGVycyUyMiUzQSUyMCU1QiUwQSUyMCUyMCUyMCUyMCUyMCUyMCU3QiUwQSUyMCUyMCUyMCUyMCUyMCUyMCUyMCUyMCUyMmNvbG9yJTIyJTNBJTIwJTIyJTIzZjVmNWY1JTIyJTBBJTIwJTIwJTIwJTIwJTIwJTIwJTdEJTBBJTIwJTIwJTIwJTIwJTVEJTBBJTIwJTIwJTdEJTJDJTBBJTIwJTIwJTdCJTBBJTIwJTIwJTIwJTIwJTIyZmVhdHVyZVR5cGUlMjIlM0ElMjAlMjJhZG1pbmlzdHJhdGl2ZS5sYW5kX3BhcmNlbCUyMiUyQyUwQSUyMCUyMCUyMCUyMCUyMmVsZW1lbnRUeXBlJTIyJTNBJTIwJTIybGFiZWxzLnRleHQuZmlsbCUyMiUyQyUwQSUyMCUyMCUyMCUyMCUyMnN0eWxlcnMlMjIlM0ElMjAlNUIlMEElMjAlMjAlMjAlMjAlMjAlMjAlN0IlMEElMjAlMjAlMjAlMjAlMjAlMjAlMjAlMjAlMjJjb2xvciUyMiUzQSUyMCUyMiUyM2JkYmRiZCUyMiUwQSUyMCUyMCUyMCUyMCUyMCUyMCU3RCUwQSUyMCUyMCUyMCUyMCU1RCUwQSUyMCUyMCU3RCUyQyUwQSUyMCUyMCU3QiUwQSUyMCUyMCUyMCUyMCUyMmZlYXR1cmVUeXBlJTIyJTNBJTIwJTIycG9pJTIyJTJDJTBBJTIwJTIwJTIwJTIwJTIyZWxlbWVudFR5cGUlMjIlM0ElMjAlMjJnZW9tZXRyeSUyMiUyQyUwQSUyMCUyMCUyMCUyMCUyMnN0eWxlcnMlMjIlM0ElMjAlNUIlMEElMjAlMjAlMjAlMjAlMjAlMjAlN0IlMEElMjAlMjAlMjAlMjAlMjAlMjAlMjAlMjAlMjJjb2xvciUyMiUzQSUyMCUyMiUyM2VlZWVlZSUyMiUwQSUyMCUyMCUyMCUyMCUyMCUyMCU3RCUwQSUyMCUyMCUyMCUyMCU1RCUwQSUyMCUyMCU3RCUyQyUwQSUyMCUyMCU3QiUwQSUyMCUyMCUyMCUyMCUyMmZlYXR1cmVUeXBlJTIyJTNBJTIwJTIycG9pJTIyJTJDJTBBJTIwJTIwJTIwJTIwJTIyZWxlbWVudFR5cGUlMjIlM0ElMjAlMjJsYWJlbHMudGV4dC5maWxsJTIyJTJDJTBBJTIwJTIwJTIwJTIwJTIyc3R5bGVycyUyMiUzQSUyMCU1QiUwQSUyMCUyMCUyMCUyMCUyMCUyMCU3QiUwQSUyMCUyMCUyMCUyMCUyMCUyMCUyMCUyMCUyMmNvbG9yJTIyJTNBJTIwJTIyJTIzNzU3NTc1JTIyJTBBJTIwJTIwJTIwJTIwJTIwJTIwJTdEJTBBJTIwJTIwJTIwJTIwJTVEJTBBJTIwJTIwJTdEJTJDJTBBJTIwJTIwJTdCJTBBJTIwJTIwJTIwJTIwJTIyZmVhdHVyZVR5cGUlMjIlM0ElMjAlMjJwb2kucGFyayUyMiUyQyUwQSUyMCUyMCUyMCUyMCUyMmVsZW1lbnRUeXBlJTIyJTNBJTIwJTIyZ2VvbWV0cnklMjIlMkMlMEElMjAlMjAlMjAlMjAlMjJzdHlsZXJzJTIyJTNBJTIwJTVCJTBBJTIwJTIwJTIwJTIwJTIwJTIwJTdCJTBBJTIwJTIwJTIwJTIwJTIwJTIwJTIwJTIwJTIyY29sb3IlMjIlM0ElMjAlMjIlMjNlNWU1ZTUlMjIlMEElMjAlMjAlMjAlMjAlMjAlMjAlN0QlMEElMjAlMjAlMjAlMjAlNUQlMEElMjAlMjAlN0QlMkMlMEElMjAlMjAlN0IlMEElMjAlMjAlMjAlMjAlMjJmZWF0dXJlVHlwZSUyMiUzQSUyMCUyMnBvaS5wYXJrJTIyJTJDJTBBJTIwJTIwJTIwJTIwJTIyZWxlbWVudFR5cGUlMjIlM0ElMjAlMjJsYWJlbHMudGV4dC5maWxsJTIyJTJDJTBBJTIwJTIwJTIwJTIwJTIyc3R5bGVycyUyMiUzQSUyMCU1QiUwQSUyMCUyMCUyMCUyMCUyMCUyMCU3QiUwQSUyMCUyMCUyMCUyMCUyMCUyMCUyMCUyMCUyMmNvbG9yJTIyJTNBJTIwJTIyJTIzOWU5ZTllJTIyJTBBJTIwJTIwJTIwJTIwJTIwJTIwJTdEJTBBJTIwJTIwJTIwJTIwJTVEJTBBJTIwJTIwJTdEJTJDJTBBJTIwJTIwJTdCJTBBJTIwJTIwJTIwJTIwJTIyZmVhdHVyZVR5cGUlMjIlM0ElMjAlMjJyb2FkJTIyJTJDJTBBJTIwJTIwJTIwJTIwJTIyZWxlbWVudFR5cGUlMjIlM0ElMjAlMjJnZW9tZXRyeSUyMiUyQyUwQSUyMCUyMCUyMCUyMCUyMnN0eWxlcnMlMjIlM0ElMjAlNUIlMEElMjAlMjAlMjAlMjAlMjAlMjAlN0IlMEElMjAlMjAlMjAlMjAlMjAlMjAlMjAlMjAlMjJjb2xvciUyMiUzQSUyMCUyMiUyM2ZmZmZmZiUyMiUwQSUyMCUyMCUyMCUyMCUyMCUyMCU3RCUwQSUyMCUyMCUyMCUyMCU1RCUwQSUyMCUyMCU3RCUyQyUwQSUyMCUyMCU3QiUwQSUyMCUyMCUyMCUyMCUyMmZlYXR1cmVUeXBlJTIyJTNBJTIwJTIycm9hZC5hcnRlcmlhbCUyMiUyQyUwQSUyMCUyMCUyMCUyMCUyMmVsZW1lbnRUeXBlJTIyJTNBJTIwJTIybGFiZWxzLnRleHQuZmlsbCUyMiUyQyUwQSUyMCUyMCUyMCUyMCUyMnN0eWxlcnMlMjIlM0ElMjAlNUIlMEElMjAlMjAlMjAlMjAlMjAlMjAlN0IlMEElMjAlMjAlMjAlMjAlMjAlMjAlMjAlMjAlMjJjb2xvciUyMiUzQSUyMCUyMiUyMzc1NzU3NSUyMiUwQSUyMCUyMCUyMCUyMCUyMCUyMCU3RCUwQSUyMCUyMCUyMCUyMCU1RCUwQSUyMCUyMCU3RCUyQyUwQSUyMCUyMCU3QiUwQSUyMCUyMCUyMCUyMCUyMmZlYXR1cmVUeXBlJTIyJTNBJTIwJTIycm9hZC5oaWdod2F5JTIyJTJDJTBBJTIwJTIwJTIwJTIwJTIyZWxlbWVudFR5cGUlMjIlM0ElMjAlMjJnZW9tZXRyeSUyMiUyQyUwQSUyMCUyMCUyMCUyMCUyMnN0eWxlcnMlMjIlM0ElMjAlNUIlMEElMjAlMjAlMjAlMjAlMjAlMjAlN0IlMEElMjAlMjAlMjAlMjAlMjAlMjAlMjAlMjAlMjJjb2xvciUyMiUzQSUyMCUyMiUyM2RhZGFkYSUyMiUwQSUyMCUyMCUyMCUyMCUyMCUyMCU3RCUwQSUyMCUyMCUyMCUyMCU1RCUwQSUyMCUyMCU3RCUyQyUwQSUyMCUyMCU3QiUwQSUyMCUyMCUyMCUyMCUyMmZlYXR1cmVUeXBlJTIyJTNBJTIwJTIycm9hZC5oaWdod2F5JTIyJTJDJTBBJTIwJTIwJTIwJTIwJTIyZWxlbWVudFR5cGUlMjIlM0ElMjAlMjJsYWJlbHMudGV4dC5maWxsJTIyJTJDJTBBJTIwJTIwJTIwJTIwJTIyc3R5bGVycyUyMiUzQSUyMCU1QiUwQSUyMCUyMCUyMCUyMCUyMCUyMCU3QiUwQSUyMCUyMCUyMCUyMCUyMCUyMCUyMCUyMCUyMmNvbG9yJTIyJTNBJTIwJTIyJTIzNjE2MTYxJTIyJTBBJTIwJTIwJTIwJTIwJTIwJTIwJTdEJTBBJTIwJTIwJTIwJTIwJTVEJTBBJTIwJTIwJTdEJTJDJTBBJTIwJTIwJTdCJTBBJTIwJTIwJTIwJTIwJTIyZmVhdHVyZVR5cGUlMjIlM0ElMjAlMjJyb2FkLmxvY2FsJTIyJTJDJTBBJTIwJTIwJTIwJTIwJTIyZWxlbWVudFR5cGUlMjIlM0ElMjAlMjJsYWJlbHMudGV4dC5maWxsJTIyJTJDJTBBJTIwJTIwJTIwJTIwJTIyc3R5bGVycyUyMiUzQSUyMCU1QiUwQSUyMCUyMCUyMCUyMCUyMCUyMCU3QiUwQSUyMCUyMCUyMCUyMCUyMCUyMCUyMCUyMCUyMmNvbG9yJTIyJTNBJTIwJTIyJTIzOWU5ZTllJTIyJTBBJTIwJTIwJTIwJTIwJTIwJTIwJTdEJTBBJTIwJTIwJTIwJTIwJTVEJTBBJTIwJTIwJTdEJTJDJTBBJTIwJTIwJTdCJTBBJTIwJTIwJTIwJTIwJTIyZmVhdHVyZVR5cGUlMjIlM0ElMjAlMjJ0cmFuc2l0LmxpbmUlMjIlMkMlMEElMjAlMjAlMjAlMjAlMjJlbGVtZW50VHlwZSUyMiUzQSUyMCUyMmdlb21ldHJ5JTIyJTJDJTBBJTIwJTIwJTIwJTIwJTIyc3R5bGVycyUyMiUzQSUyMCU1QiUwQSUyMCUyMCUyMCUyMCUyMCUyMCU3QiUwQSUyMCUyMCUyMCUyMCUyMCUyMCUyMCUyMCUyMmNvbG9yJTIyJTNBJTIwJTIyJTIzZTVlNWU1JTIyJTBBJTIwJTIwJTIwJTIwJTIwJTIwJTdEJTBBJTIwJTIwJTIwJTIwJTVEJTBBJTIwJTIwJTdEJTJDJTBBJTIwJTIwJTdCJTBBJTIwJTIwJTIwJTIwJTIyZmVhdHVyZVR5cGUlMjIlM0ElMjAlMjJ0cmFuc2l0LnN0YXRpb24lMjIlMkMlMEElMjAlMjAlMjAlMjAlMjJlbGVtZW50VHlwZSUyMiUzQSUyMCUyMmdlb21ldHJ5JTIyJTJDJTBBJTIwJTIwJTIwJTIwJTIyc3R5bGVycyUyMiUzQSUyMCU1QiUwQSUyMCUyMCUyMCUyMCUyMCUyMCU3QiUwQSUyMCUyMCUyMCUyMCUyMCUyMCUyMCUyMCUyMmNvbG9yJTIyJTNBJTIwJTIyJTIzZWVlZWVlJTIyJTBBJTIwJTIwJTIwJTIwJTIwJTIwJTdEJTBBJTIwJTIwJTIwJTIwJTVEJTBBJTIwJTIwJTdEJTJDJTBBJTIwJTIwJTdCJTBBJTIwJTIwJTIwJTIwJTIyZmVhdHVyZVR5cGUlMjIlM0ElMjAlMjJ3YXRlciUyMiUyQyUwQSUyMCUyMCUyMCUyMCUyMmVsZW1lbnRUeXBlJTIyJTNBJTIwJTIyZ2VvbWV0cnklMjIlMkMlMEElMjAlMjAlMjAlMjAlMjJzdHlsZXJzJTIyJTNBJTIwJTVCJTBBJTIwJTIwJTIwJTIwJTIwJTIwJTdCJTBBJTIwJTIwJTIwJTIwJTIwJTIwJTIwJTIwJTIyY29sb3IlMjIlM0ElMjAlMjIlMjNjOWM5YzklMjIlMEElMjAlMjAlMjAlMjAlMjAlMjAlN0QlMEElMjAlMjAlMjAlMjAlNUQlMEElMjAlMjAlN0QlMkMlMEElMjAlMjAlN0IlMEElMjAlMjAlMjAlMjAlMjJmZWF0dXJlVHlwZSUyMiUzQSUyMCUyMndhdGVyJTIyJTJDJTBBJTIwJTIwJTIwJTIwJTIyZWxlbWVudFR5cGUlMjIlM0ElMjAlMjJsYWJlbHMudGV4dC5maWxsJTIyJTJDJTBBJTIwJTIwJTIwJTIwJTIyc3R5bGVycyUyMiUzQSUyMCU1QiUwQSUyMCUyMCUyMCUyMCUyMCUyMCU3QiUwQSUyMCUyMCUyMCUyMCUyMCUyMCUyMCUyMCUyMmNvbG9yJTIyJTNBJTIwJTIyJTIzOWU5ZTllJTIyJTBBJTIwJTIwJTIwJTIwJTIwJTIwJTdEJTBBJTIwJTIwJTIwJTIwJTVEJTBBJTIwJTIwJTdEJTBBJTVE\",\"marker\":\"custom\",\"markericon\":\"388\",\"css_animation\":\"\",\"animation_parallax\":\"\",\"delay_animation\":\"\",\"repeat_animation\":\"\",\"el_class\":\"\",\"margin\":\"uk-margin-remove\",\"remove_top_margin\":\"\",\"remove_bottom_margin\":\"\",\"visibility\":\"\",\"enable_dahz_lazy_shortcode\":\"\",\"dahz_id\":\"1528266193759-888c93c4-4ee2\",\"labels\":\"https:\\\/\\\/www.mujdetekstil.net\\\/en\\\/wp-content\\\/uploads\\\/2021\\\/12\\\/mujde-harita.png\",\"styles\":\"[\\n  {\\n    \\\"elementType\\\": \\\"geometry\\\",\\n    \\\"stylers\\\": [\\n      {\\n        \\\"color\\\": \\\"#f5f5f5\\\"\\n      }\\n    ]\\n  },\\n  {\\n    \\\"elementType\\\": \\\"labels.icon\\\",\\n    \\\"stylers\\\": [\\n      {\\n        \\\"visibility\\\": \\\"off\\\"\\n      }\\n    ]\\n  },\\n  {\\n    \\\"elementType\\\": \\\"labels.text.fill\\\",\\n    \\\"stylers\\\": [\\n      {\\n        \\\"color\\\": \\\"#616161\\\"\\n      }\\n    ]\\n  },\\n  {\\n    \\\"elementType\\\": \\\"labels.text.stroke\\\",\\n    \\\"stylers\\\": [\\n      {\\n        \\\"color\\\": \\\"#f5f5f5\\\"\\n      }\\n    ]\\n  },\\n  {\\n    \\\"featureType\\\": \\\"administrative.land_parcel\\\",\\n    \\\"elementType\\\": \\\"labels.text.fill\\\",\\n    \\\"stylers\\\": [\\n      {\\n        \\\"color\\\": \\\"#bdbdbd\\\"\\n      }\\n    ]\\n  },\\n  {\\n    \\\"featureType\\\": \\\"poi\\\",\\n    \\\"elementType\\\": \\\"geometry\\\",\\n    \\\"stylers\\\": [\\n      {\\n        \\\"color\\\": \\\"#eeeeee\\\"\\n      }\\n    ]\\n  },\\n  {\\n    \\\"featureType\\\": \\\"poi\\\",\\n    \\\"elementType\\\": \\\"labels.text.fill\\\",\\n    \\\"stylers\\\": [\\n      {\\n        \\\"color\\\": \\\"#757575\\\"\\n      }\\n    ]\\n  },\\n  {\\n    \\\"featureType\\\": \\\"poi.park\\\",\\n    \\\"elementType\\\": \\\"geometry\\\",\\n    \\\"stylers\\\": [\\n      {\\n        \\\"color\\\": \\\"#e5e5e5\\\"\\n      }\\n    ]\\n  },\\n  {\\n    \\\"featureType\\\": \\\"poi.park\\\",\\n    \\\"elementType\\\": \\\"labels.text.fill\\\",\\n    \\\"stylers\\\": [\\n      {\\n        \\\"color\\\": \\\"#9e9e9e\\\"\\n      }\\n    ]\\n  },\\n  {\\n    \\\"featureType\\\": \\\"road\\\",\\n    \\\"elementType\\\": \\\"geometry\\\",\\n    \\\"stylers\\\": [\\n      {\\n        \\\"color\\\": \\\"#ffffff\\\"\\n      }\\n    ]\\n  },\\n  {\\n    \\\"featureType\\\": \\\"road.arterial\\\",\\n    \\\"elementType\\\": \\\"labels.text.fill\\\",\\n    \\\"stylers\\\": [\\n      {\\n        \\\"color\\\": \\\"#757575\\\"\\n      }\\n    ]\\n  },\\n  {\\n    \\\"featureType\\\": \\\"road.highway\\\",\\n    \\\"elementType\\\": \\\"geometry\\\",\\n    \\\"stylers\\\": [\\n      {\\n        \\\"color\\\": \\\"#dadada\\\"\\n      }\\n    ]\\n  },\\n  {\\n    \\\"featureType\\\": \\\"road.highway\\\",\\n    \\\"elementType\\\": \\\"labels.text.fill\\\",\\n    \\\"stylers\\\": [\\n      {\\n        \\\"color\\\": \\\"#616161\\\"\\n      }\\n    ]\\n  },\\n  {\\n    \\\"featureType\\\": \\\"road.local\\\",\\n    \\\"elementType\\\": \\\"labels.text.fill\\\",\\n    \\\"stylers\\\": [\\n      {\\n        \\\"color\\\": \\\"#9e9e9e\\\"\\n      }\\n    ]\\n  },\\n  {\\n    \\\"featureType\\\": \\\"transit.line\\\",\\n    \\\"elementType\\\": \\\"geometry\\\",\\n    \\\"stylers\\\": [\\n      {\\n        \\\"color\\\": \\\"#e5e5e5\\\"\\n      }\\n    ]\\n  },\\n  {\\n    \\\"featureType\\\": \\\"transit.station\\\",\\n    \\\"elementType\\\": \\\"geometry\\\",\\n    \\\"stylers\\\": [\\n      {\\n        \\\"color\\\": \\\"#eeeeee\\\"\\n      }\\n    ]\\n  },\\n  {\\n    \\\"featureType\\\": \\\"water\\\",\\n    \\\"elementType\\\": \\\"geometry\\\",\\n    \\\"stylers\\\": [\\n      {\\n        \\\"color\\\": \\\"#c9c9c9\\\"\\n      }\\n    ]\\n  },\\n  {\\n    \\\"featureType\\\": \\\"water\\\",\\n    \\\"elementType\\\": \\\"labels.text.fill\\\",\\n    \\\"stylers\\\": [\\n      {\\n        \\\"color\\\": \\\"#9e9e9e\\\"\\n      }\\n    ]\\n  }\\n]\"},\n\t\t\t\t$container = document.getElementById( options.dahz_id );\n\t\t\toptions.lat = !isNaN( parseFloat( options.lat ) ) ? parseFloat( options.lat ) : 0;\n\t\t\toptions.long = !isNaN( parseFloat( options.lat ) ) ? parseFloat( options.long ) : 0;\n\t\t\toptions.styles = $.parseJSON( options.styles );\n\t\t\tvar map = new google.maps.Map(\n\t\t\t\t$container, {\n\t\t\t\t\tzoom              : parseInt( options.zoom ),\n\t\t\t\t\tcenter            : new google.maps.LatLng( options.lat, options.long ),\n\t\t\t\t\tmapTypeId         : google.maps.MapTypeId[options.type],\n\t\t\t\t\tstyles            : options.styles,\n\t\t\t\t\tstreetViewControl : options.streetviewcontrol,\n\t\t\t\t\tmapTypeControl    : options.maptypecontrol == 'true' ? true : false,\n\t\t\t\t\tpanControl        : options.pancontrol == 'true' ? true : false,\n\t\t\t\t\tzoomControl       : options.zoomcontrol == 'true' ? true : false,\n\t\t\t\t\tscrollwheel       : options.scrollwheel == 'true' ? false : true,\n\t\t\t\t\tdraggable         : options.disabledragmobile == 'true' && $(document).width() <= 641 ? false : true,\n\t\t\t\t\tzoomControlOptions\t: {\n\t\t\t\t\t\tstyle: google.maps.ZoomControlStyle[options.zoomcontrolsize]\n\t\t\t\t\t},\n\t\t\t\t}\n\t\t\t),\n\t\t\tmarker = new google.maps.Marker({\n\t\t\t\tposition: {\n\t\t\t\t\tlat: options.lat,\n\t\t\t\t\tlng: options.long\n\t\t\t\t},\n\t\t\t\ticon\t: options.labels\n\t\t\t});\n\t\t\tmarker.setMap( map );\n\t\t\tvar infowindow = new google.maps.InfoWindow({\n\t\t\t\tcontent: options.infowindow\n\t\t\t});\n\n\t\t\tmarker.addListener( 'click', function() {\n\t\t\t\tinfowindow.open( map, marker );\n\t\t\t});\n\t\t\t\n\t\t});\n\t}(window.jQuery);\n<\/script><\/div>\n[\/vc_column_inner][\/vc_row_inner][\/vc_column][\/vc_row][\/vc_section]<\/p>\n","protected":false},"excerpt":{"rendered":"<p>[vc_row dahz_id=&#8221;1639146876226-4030850d-d4fc&#8221; css=&#8221;.vc_custom_1639147077777{margin-bottom: -50px !important;}&#8221;][vc_column dahz_id=&#8221;1639146876228-2e285e50-569e&#8221;][vc_custom_heading text=&#8221;M\u00fcjde Tekstil \u0130\u00e7 ve D\u0131\u015f Tic. Ltd. \u015eti.&#8221; font_container=&#8221;tag:h5|font_size:32px|text_align:center|color:%23000000|line_height:1&#8243; use_theme_fonts=&#8221;yes&#8221; custom_responsive_size=&#8221;yes&#8221; dahz_id=&#8221;1533021942065-3ca0daca-b0b3&#8243; custom_font_size=&#8221;%7B%22xs_font_size%22%3A%2222px%22%2C%22xs_line_height%22%3A%22%22%2C%22s_font_size%22%3A%22%22%2C%22s_line_height%22%3A%22%22%2C%22m_font_size%22%3A%22%22%2C%22m_line_height%22%3A%22%22%7D&#8221;][\/vc_column][\/vc_row][vc_section section_padding=&#8221;&#8221; section_custom_media_type=&#8221;none&#8221; section_bottom_shape_divider=&#8221;&#8221; dahz_id=&#8221;1639146867669-539d3ee3-f289&#8243;][vc_row row_margin=&#8221;uk-margin-remove&#8221; row_display_divider_between=&#8221;true&#8221; row_divider_color=&#8221;rgba(255,255,255,0.4)&#8221; dahz_id=&#8221;1639146867720-f711a327-000c&#8221;][vc_column width=&#8221;1\/3&#8243; dahz_id=&#8221;1639146867744-f5f8e201-3c39&#8243;][\/vc_column][vc_column width=&#8221;1\/3&#8243; dahz_id=&#8221;1639146867817-abb1a253-4f2c&#8221;][\/vc_column][vc_column width=&#8221;1\/3&#8243; dahz_id=&#8221;1639146867877-ee6e6a6c-228e&#8221;][\/vc_column][\/vc_row][\/vc_section][vc_section section_custom_media_type=&#8221;image&#8221; section_background_image_repeat=&#8221;uk-background-norepeat&#8221; section_background_image_position=&#8221;uk-background-top-right&#8221; section_background_image_effect=&#8221;uk-background-fixed&#8221; section_bottom_shape_divider=&#8221;&#8221; dahz_id=&#8221;1528266172114-631f96f7-2e21&#8243; css=&#8221;.vc_custom_1533632334414{padding-bottom: 12vh !important;}&#8221; section_background_image=&#8221;55&#8243;][vc_row row_custom_media_type=&#8221;none&#8221; dahz_id=&#8221;1528266174871-092f151f-2cc5&#8243; row_translate_y=&#8221;-5vh&#8221;][vc_column column_card_box_shadow=&#8221;large&#8221; column_padding=&#8221;default&#8221; column_enable_card_style=&#8221;true&#8221; column_translate_y=&#8221;3vh&#8221; column_z_index=&#8221;1&#8243; column_card_background_hover_color=&#8221;#ffffff&#8221; css=&#8221;.vc_custom_1533031920396{background-color: #ffffff !important;}&#8221; &hellip;<\/p>\n","protected":false},"author":1,"featured_media":0,"parent":0,"menu_order":0,"comment_status":"closed","ping_status":"closed","template":"","meta":{"footnotes":""},"aioseo_notices":[],"_links":{"self":[{"href":"https:\/\/www.mujdetekstil.net\/en\/wp-json\/wp\/v2\/pages\/286"}],"collection":[{"href":"https:\/\/www.mujdetekstil.net\/en\/wp-json\/wp\/v2\/pages"}],"about":[{"href":"https:\/\/www.mujdetekstil.net\/en\/wp-json\/wp\/v2\/types\/page"}],"author":[{"embeddable":true,"href":"https:\/\/www.mujdetekstil.net\/en\/wp-json\/wp\/v2\/users\/1"}],"replies":[{"embeddable":true,"href":"https:\/\/www.mujdetekstil.net\/en\/wp-json\/wp\/v2\/comments?post=286"}],"version-history":[{"count":24,"href":"https:\/\/www.mujdetekstil.net\/en\/wp-json\/wp\/v2\/pages\/286\/revisions"}],"predecessor-version":[{"id":650,"href":"https:\/\/www.mujdetekstil.net\/en\/wp-json\/wp\/v2\/pages\/286\/revisions\/650"}],"wp:attachment":[{"href":"https:\/\/www.mujdetekstil.net\/en\/wp-json\/wp\/v2\/media?parent=286"}],"curies":[{"name":"wp","href":"https:\/\/api.w.org\/{rel}","templated":true}]}}